{"id":377,"date":"2020-06-02T13:39:25","date_gmt":"2020-06-02T11:39:25","guid":{"rendered":"http:\/\/w1063581.checkdomain.net\/?page_id=377"},"modified":"2020-06-30T13:52:06","modified_gmt":"2020-06-30T11:52:06","slug":"internship-senegal-and-abroad","status":"publish","type":"page","link":"https:\/\/keurmamefatimkonte.org\/fr\/jobs\/internship-senegal-and-abroad\/","title":{"rendered":"Stages (S\u00e9n\u00e9gal et \u00e0 l'\u00e9tranger)"},"content":{"rendered":"<p>Le centre est toujours \u00e0 la recherche de personnes qualifi\u00e9es qui souhaitent renforcer l\u2019\u00e9quipe dans les domaines tels que la gestion de projets administratifs, la collecte de fonds et l\u2019informatique. C\u2019est une offre sp\u00e9cialement destin\u00e9e aux \u00e9tudiants et dipl\u00f4m\u00e9s du S\u00e9n\u00e9gal ainsi qu\u2019aux \u00e9trangers.<\/p>\n\n\n\n<p>Une dur\u00e9e minimale de deux mois ou plus est requise de pr\u00e9f\u00e9rence.<\/p>\n\n\n<div class=\"wpforms-container wpforms-container-full\" id=\"wpforms-373\"><form id=\"wpforms-form-373\" class=\"wpforms-validate wpforms-form\" data-formid=\"373\" method=\"post\" enctype=\"multipart\/form-data\" action=\"\/fr\/wp-json\/wp\/v2\/pages\/377\" data-trp-original-action=\"\/fr\/wp-json\/wp\/v2\/pages\/377\"><noscript class=\"wpforms-error-noscript\">Veuillez activer JavaScript dans votre navigateur pour remplir ce formulaire.<\/noscript><div class=\"wpforms-field-container\"><div id=\"wpforms-373-field_0-container\" class=\"wpforms-field wpforms-field-name\" data-field-id=\"0\"><label class=\"wpforms-field-label\" for=\"wpforms-373-field_0\">Nom <span class=\"wpforms-required-label\">*<\/span><\/label><div class=\"wpforms-field-row wpforms-field-medium\"><div class=\"wpforms-field-row-block wpforms-first wpforms-one-half\"><input type=\"text\" id=\"wpforms-373-field_0\" class=\"wpforms-field-name-first wpforms-field-required\" name=\"wpforms[fields][0][first]\" required><label for=\"wpforms-373-field_0\" class=\"wpforms-field-sublabel after\">Pr\u00e9nom<\/label><\/div><div class=\"wpforms-field-row-block wpforms-one-half\"><input type=\"text\" id=\"wpforms-373-field_0-last\" class=\"wpforms-field-name-last wpforms-field-required\" name=\"wpforms[fields][0][last]\" required><label for=\"wpforms-373-field_0-last\" class=\"wpforms-field-sublabel after\">Nom<\/label><\/div><\/div><\/div><div id=\"wpforms-373-field_1-container\" class=\"wpforms-field wpforms-field-email\" data-field-id=\"1\"><label class=\"wpforms-field-label\" for=\"wpforms-373-field_1\">Email <span class=\"wpforms-required-label\">*<\/span><\/label><input type=\"email\" id=\"wpforms-373-field_1\" class=\"wpforms-field-medium wpforms-field-required\" name=\"wpforms[fields][1]\" required><\/div><div id=\"wpforms-373-field_2-container\" class=\"wpforms-field wpforms-field-textarea\" data-field-id=\"2\"><label class=\"wpforms-field-label\" for=\"wpforms-373-field_2\">Commentaire ou message <span class=\"wpforms-required-label\">*<\/span><\/label><textarea id=\"wpforms-373-field_2\" class=\"wpforms-field-medium wpforms-field-required\" name=\"wpforms[fields][2]\" required><\/textarea><\/div><\/div><div class=\"wpforms-field wpforms-field-hp\"><label for=\"wpforms-373-field-hp\" class=\"wpforms-field-label\">Message<\/label><input type=\"text\" name=\"wpforms[hp]\" id=\"wpforms-373-field-hp\" class=\"wpforms-field-medium\"><\/div><div class=\"wpforms-submit-container\" ><input type=\"hidden\" name=\"wpforms[id]\" value=\"373\"><input type=\"hidden\" name=\"wpforms[author]\" value=\"4\"><button type=\"submit\" name=\"wpforms[submit]\" class=\"wpforms-submit\" id=\"wpforms-submit-373\" value=\"wpforms-submit\" aria-live=\"assertive\" data-alt-text=\"Sending\u2026\" data-submit-text=\"Submit\">Submit<\/button><\/div><input type=\"hidden\" name=\"trp-form-language\" value=\"fr\"\/><\/form><\/div>  <!-- .wpforms-container -->","protected":false},"excerpt":{"rendered":"<p>The centre is always looking for qualified people who are interested to reinforce the team in such fields as administration\/project management, fund raising and IT. This is an offer especially to students and post-graduates in Senegal as well as interested people from abroad. A minimum duration of two months is [&hellip;]<\/p>","protected":false},"author":4,"featured_media":659,"parent":38,"menu_order":0,"comment_status":"closed","ping_status":"closed","template":"","meta":[],"_links":{"self":[{"href":"https:\/\/keurmamefatimkonte.org\/fr\/wp-json\/wp\/v2\/pages\/377"}],"collection":[{"href":"https:\/\/keurmamefatimkonte.org\/fr\/wp-json\/wp\/v2\/pages"}],"about":[{"href":"https:\/\/keurmamefatimkonte.org\/fr\/wp-json\/wp\/v2\/types\/page"}],"author":[{"embeddable":true,"href":"https:\/\/keurmamefatimkonte.org\/fr\/wp-json\/wp\/v2\/users\/4"}],"replies":[{"embeddable":true,"href":"https:\/\/keurmamefatimkonte.org\/fr\/wp-json\/wp\/v2\/comments?post=377"}],"version-history":[{"count":3,"href":"https:\/\/keurmamefatimkonte.org\/fr\/wp-json\/wp\/v2\/pages\/377\/revisions"}],"predecessor-version":[{"id":391,"href":"https:\/\/keurmamefatimkonte.org\/fr\/wp-json\/wp\/v2\/pages\/377\/revisions\/391"}],"up":[{"embeddable":true,"href":"https:\/\/keurmamefatimkonte.org\/fr\/wp-json\/wp\/v2\/pages\/38"}],"wp:featuredmedia":[{"embeddable":true,"href":"https:\/\/keurmamefatimkonte.org\/fr\/wp-json\/wp\/v2\/media\/659"}],"wp:attachment":[{"href":"https:\/\/keurmamefatimkonte.org\/fr\/wp-json\/wp\/v2\/media?parent=377"}],"curies":[{"name":"wp","href":"https:\/\/api.w.org\/{rel}","templated":true}]}}